{"id":34952,"date":"2026-02-01T14:23:15","date_gmt":"2026-02-01T13:23:15","guid":{"rendered":"https:\/\/yogazermatt.ch\/?page_id=34952"},"modified":"2026-02-01T14:32:36","modified_gmt":"2026-02-01T13:32:36","slug":"agb","status":"publish","type":"page","link":"https:\/\/yogazermatt.ch\/en\/agb\/","title":{"rendered":"AGB"},"content":{"rendered":"\t\t<div data-elementor-type=\"wp-page\" data-elementor-id=\"34952\" class=\"elementor elementor-34952\">\n\t\t\t\t\t\t<section class=\"elementor-section elementor-top-section elementor-element elementor-element-5503512 elementor-section-content-middle she-header-yes elementor-section-full_width elementor-section-height-default elementor-section-height-default exad-glass-effect-no exad-sticky-section-no\" data-id=\"5503512\" data-element_type=\"section\" data-e-type=\"section\" data-settings=\"{&quot;transparent&quot;:&quot;yes&quot;,&quot;scroll_distance&quot;:{&quot;unit&quot;:&quot;px&quot;,&quot;size&quot;:15,&quot;sizes&quot;:[]},&quot;background_background&quot;:&quot;classic&quot;,&quot;shrink_header&quot;:&quot;yes&quot;,&quot;scroll_distance_mobile&quot;:{&quot;unit&quot;:&quot;px&quot;,&quot;size&quot;:30,&quot;sizes&quot;:[]},&quot;background_show&quot;:&quot;yes&quot;,&quot;background&quot;:&quot;#FFFFFFE0&quot;,&quot;custom_height_header&quot;:{&quot;unit&quot;:&quot;px&quot;,&quot;size&quot;:60,&quot;sizes&quot;:[]},&quot;transparent_on&quot;:[&quot;desktop&quot;,&quot;tablet&quot;,&quot;mobile&quot;],&quot;scroll_distance_tablet&quot;:{&quot;unit&quot;:&quot;px&quot;,&quot;size&quot;:&quot;&quot;,&quot;sizes&quot;:[]},&quot;she_offset_top&quot;:{&quot;unit&quot;:&quot;px&quot;,&quot;size&quot;:0,&quot;sizes&quot;:[]},&quot;she_offset_top_tablet&quot;:{&quot;unit&quot;:&quot;px&quot;,&quot;size&quot;:&quot;&quot;,&quot;sizes&quot;:[]},&quot;she_offset_top_mobile&quot;:{&quot;unit&quot;:&quot;px&quot;,&quot;size&quot;:&quot;&quot;,&quot;sizes&quot;:[]},&quot;she_width&quot;:{&quot;unit&quot;:&quot;%&quot;,&quot;size&quot;:100,&quot;sizes&quot;:[]},&quot;she_width_tablet&quot;:{&quot;unit&quot;:&quot;px&quot;,&quot;size&quot;:&quot;&quot;,&quot;sizes&quot;:[]},&quot;she_width_mobile&quot;:{&quot;unit&quot;:&quot;px&quot;,&quot;size&quot;:&quot;&quot;,&quot;sizes&quot;:[]},&quot;she_padding&quot;:{&quot;unit&quot;:&quot;px&quot;,&quot;top&quot;:0,&quot;right&quot;:&quot;&quot;,&quot;bottom&quot;:0,&quot;left&quot;:&quot;&quot;,&quot;isLinked&quot;:true},&quot;she_padding_tablet&quot;:{&quot;unit&quot;:&quot;px&quot;,&quot;top&quot;:&quot;&quot;,&quot;right&quot;:&quot;&quot;,&quot;bottom&quot;:&quot;&quot;,&quot;left&quot;:&quot;&quot;,&quot;isLinked&quot;:true},&quot;she_padding_mobile&quot;:{&quot;unit&quot;:&quot;px&quot;,&quot;top&quot;:&quot;&quot;,&quot;right&quot;:&quot;&quot;,&quot;bottom&quot;:&quot;&quot;,&quot;left&quot;:&quot;&quot;,&quot;isLinked&quot;:true},&quot;custom_height_header_tablet&quot;:{&quot;unit&quot;:&quot;px&quot;,&quot;size&quot;:&quot;&quot;,&quot;sizes&quot;:[]},&quot;custom_height_header_mobile&quot;:{&quot;unit&quot;:&quot;px&quot;,&quot;size&quot;:&quot;&quot;,&quot;sizes&quot;:[]}}\">\n\t\t\t\t\t\t<div class=\"elementor-container elementor-column-gap-default\">\n\t\t\t\t\t<div class=\"elementor-column elementor-col-50 elementor-top-column elementor-element elementor-element-229389c exad-glass-effect-no exad-sticky-section-no\" data-id=\"229389c\" data-element_type=\"column\" data-e-type=\"column\">\n\t\t\t<div class=\"elementor-widget-wrap elementor-element-populated\">\n\t\t\t\t\t\t<div class=\"elementor-element elementor-element-5a0dbc5 exad-sticky-section-no exad-glass-effect-no elementor-widget elementor-widget-image\" data-id=\"5a0dbc5\" data-element_type=\"widget\" data-e-type=\"widget\" data-widget_type=\"image.default\">\n\t\t\t\t<div class=\"elementor-widget-container\">\n\t\t\t\t\t\t\t\t\t\t\t\t\t\t\t\t<a href=\"http:\/\/www.yogazermatt.ch\">\n\t\t\t\t\t\t\t<img fetchpriority=\"high\" decoding=\"async\" width=\"512\" height=\"512\" src=\"https:\/\/yogazermatt.ch\/wp-content\/uploads\/2022\/04\/cropped-Logo-1.png\" class=\"attachment-full size-full wp-image-30400\" alt=\"Logo Yoga Zermatt\" srcset=\"https:\/\/yogazermatt.ch\/wp-content\/uploads\/2022\/04\/cropped-Logo-1.png 512w, https:\/\/yogazermatt.ch\/wp-content\/uploads\/2022\/04\/cropped-Logo-1-300x300.png 300w, https:\/\/yogazermatt.ch\/wp-content\/uploads\/2022\/04\/cropped-Logo-1-150x150.png 150w, https:\/\/yogazermatt.ch\/wp-content\/uploads\/2022\/04\/cropped-Logo-1-270x270.png 270w, https:\/\/yogazermatt.ch\/wp-content\/uploads\/2022\/04\/cropped-Logo-1-192x192.png 192w, https:\/\/yogazermatt.ch\/wp-content\/uploads\/2022\/04\/cropped-Logo-1-180x180.png 180w, https:\/\/yogazermatt.ch\/wp-content\/uploads\/2022\/04\/cropped-Logo-1-32x32.png 32w\" sizes=\"(max-width: 512px) 100vw, 512px\" \/>\t\t\t\t\t\t\t\t<\/a>\n\t\t\t\t\t\t\t\t\t\t\t\t\t\t\t<\/div>\n\t\t\t\t<\/div>\n\t\t\t\t\t<\/div>\n\t\t<\/div>\n\t\t\t\t<div class=\"elementor-column elementor-col-50 elementor-top-column elementor-element elementor-element-7be0ce0 exad-glass-effect-no exad-sticky-section-no\" data-id=\"7be0ce0\" data-element_type=\"column\" data-e-type=\"column\">\n\t\t\t<div class=\"elementor-widget-wrap\">\n\t\t\t\t\t\t\t<\/div>\n\t\t<\/div>\n\t\t\t\t\t<\/div>\n\t\t<\/section>\n\t\t\t\t<section class=\"elementor-section elementor-top-section elementor-element elementor-element-e2ed823 elementor-section-full_width elementor-section-height-min-height elementor-section-height-default elementor-section-items-middle exad-glass-effect-no exad-sticky-section-no\" data-id=\"e2ed823\" data-element_type=\"section\" data-e-type=\"section\">\n\t\t\t\t\t\t\t<div class=\"elementor-background-overlay\"><\/div>\n\t\t\t\t\t\t\t<div class=\"elementor-container elementor-column-gap-default\">\n\t\t\t\t\t<div class=\"elementor-column elementor-col-100 elementor-top-column elementor-element elementor-element-754123b exad-glass-effect-no exad-sticky-section-no\" data-id=\"754123b\" data-element_type=\"column\" data-e-type=\"column\">\n\t\t\t<div class=\"elementor-widget-wrap elementor-element-populated\">\n\t\t\t\t\t\t<div class=\"elementor-element elementor-element-77253f2 exad-sticky-section-no exad-glass-effect-no elementor-widget elementor-widget-heading\" data-id=\"77253f2\" data-element_type=\"widget\" data-e-type=\"widget\" data-widget_type=\"heading.default\">\n\t\t\t\t<div class=\"elementor-widget-container\">\n\t\t\t\t\t<h2 class=\"elementor-heading-title elementor-size-default\">AGB's<\/h2>\t\t\t\t<\/div>\n\t\t\t\t<\/div>\n\t\t\t\t\t<\/div>\n\t\t<\/div>\n\t\t\t\t\t<\/div>\n\t\t<\/section>\n\t\t\t\t<section class=\"elementor-section elementor-top-section elementor-element elementor-element-b495fd0 elementor-section-boxed elementor-section-height-default elementor-section-height-default exad-glass-effect-no exad-sticky-section-no\" data-id=\"b495fd0\" data-element_type=\"section\" data-e-type=\"section\">\n\t\t\t\t\t\t\t<div class=\"elementor-background-overlay\"><\/div>\n\t\t\t\t\t\t\t<div class=\"elementor-container elementor-column-gap-default\">\n\t\t\t\t\t<div class=\"elementor-column elementor-col-100 elementor-top-column elementor-element elementor-element-e253b07 exad-glass-effect-no exad-sticky-section-no\" data-id=\"e253b07\" data-element_type=\"column\" data-e-type=\"column\">\n\t\t\t<div class=\"elementor-widget-wrap elementor-element-populated\">\n\t\t\t\t\t\t<div class=\"elementor-element elementor-element-feea777 exad-sticky-section-no exad-glass-effect-no elementor-widget elementor-widget-text-editor\" data-id=\"feea777\" data-element_type=\"widget\" data-e-type=\"widget\" data-widget_type=\"text-editor.default\">\n\t\t\t\t<div class=\"elementor-widget-container\">\n\t\t\t\t\t\t\t\t\t<h4><b data-olk-copy-source=\"MessageBody\">Allgemeine Gesch\u00e4ftsbedingungen (AGB)<br \/><\/b>f\u00fcr Breathwork-Sessions (Gruppen &amp; Einzelsession)<\/h4><h5><b>1. Geltungsbereich<\/b><\/h5><h5>Diese Allgemeinen Gesch\u00e4ftsbedingungen (AGB) gelten f\u00fcr alle Vertr\u00e4ge zwischen<br \/><b>Stefanie Arquint \/ Yoga Zermatt \/ Rofel GmbH<\/b>\u00a0(nachfolgend \u201eAnbieter:in\u201c)<br \/>und den Teilnehmenden an Breathwork-Sessions (nachfolgend \u201eTeilnehmer:in\u201c).<\/h5><h5><b>2. Art &amp; Zweck der Breathwork-Sessions<\/b><\/h5><h5>Die angebotenen Breathwork-Sessions dienen der F\u00f6rderung von K\u00f6rperwahrnehmung, Selbstregulation, emotionaler Verarbeitung und pers\u00f6nlichem Wohlbefinden.<\/h5><h5>Breathwork ist\u00a0<b>keine medizinische, psychotherapeutische oder heilkundliche Behandlung<\/b>\u00a0und ersetzt weder \u00e4rztliche noch psychotherapeutische Diagnosen oder Therapien.<\/h5><h5><b>3. Teilnahmevoraussetzungen &amp; Eigenverantwortung<\/b><\/h5><h5>Die Teilnahme erfolgt auf\u00a0<b>eigene Verantwortung<\/b>.<\/h5><h5>Mit der Buchung best\u00e4tigt die Teilnehmer:in, dass sie k\u00f6rperlich und psychisch in der Lage ist, an einer Breathwork-Session teilzunehmen. Bei gesundheitlichen oder psychischen Vorerkrankungen ist vor Teilnahme \u00e4rztlicher oder therapeutischer Rat einzuholen.<\/h5><h5>Eine Teilnahme wird insbesondere\u00a0<b>nicht oder nur nach \u00e4rztlicher Abkl\u00e4rung empfohlen<\/b>\u00a0bei:<\/h5><ul data-end=\"1748\" data-start=\"1457\"><li><h5 role=\"presentation\">Herz-Kreislauf-Erkrankungen<\/h5><\/li><li><h5 role=\"presentation\">Atemwegserkrankungen (z. B. Asthma)<\/h5><\/li><li><h5 role=\"presentation\">Epilepsie<\/h5><\/li><li><h5 role=\"presentation\">Schwangerschaft<\/h5><\/li><li><h5 role=\"presentation\">Psychischen Erkrankungen (z. B. Angstst\u00f6rungen, Depression, Trauma-Folgest\u00f6rungen)<\/h5><\/li><li><h5 role=\"presentation\">Einnahme psychoaktiver Medikamente<\/h5><\/li><li><h5 role=\"presentation\">Akuten Verletzungen oder k\u00fcrzlich erfolgten Operationen<\/h5><\/li><\/ul><h5>Relevante gesundheitliche Einschr\u00e4nkungen sind der Anbieter:in\u00a0<b>vor Beginn<\/b>\u00a0der Session mitzuteilen.<\/h5><h5><b>4. Selbsteinsch\u00e4tzung &amp; Abbruch<\/b><\/h5><h5>Die Teilnehmer:innen sind jederzeit selbst verantwortlich, ihre k\u00f6rperlichen und emotionalen Grenzen wahrzunehmen.<\/h5><h5>Die Teilnahme kann\u00a0<b>jederzeit eigenverantwortlich unterbrochen oder beendet<\/b>\u00a0werden. Den Anweisungen der Anbieter:in ist aus Sicherheitsgr\u00fcnden Folge zu leisten.<\/h5><h5><b>5. Haftung<\/b><\/h5><h5>Die Teilnahme an Breathwork-Sessions erfolgt auf eigene Gefahr.<\/h5><h5>Die Anbieter:in haftet ausschliesslich bei\u00a0<b>Vorsatz oder grober Fahrl\u00e4ssigkeit<\/b>.<br \/>F\u00fcr leichte Fahrl\u00e4ssigkeit wird \u2013 soweit gesetzlich zul\u00e4ssig \u2013 jede Haftung ausgeschlossen.<\/h5><h5>F\u00fcr pers\u00f6nliche Gegenst\u00e4nde, Wertgegenst\u00e4nde oder Garderobe wird keine Haftung \u00fcbernommen.<\/h5><h5><b>6. Buchung &amp; Zahlung<\/b><\/h5><h5>Die Buchung erfolgt verbindlich \u00fcber\u00a0<b>SportsNow<\/b>.<\/h5><h5>Die Teilnahmegeb\u00fchr ist vor Beginn der Session bzw. gem\u00e4ss den vereinbarten Zahlungsbedingungen zu begleichen. Vereinbarte Einzelsession-Termine sind verbindlich.<\/h5><h5><b>7. Stornierung &amp; Terminabsagen<\/b><\/h5><h5><b>Einzelsessions:<\/b><\/h5><ul data-end=\"3011\" data-start=\"2860\"><li><h5 role=\"presentation\">Kostenfreie Stornierung bis\u00a0\u00a0<b>48 Stunden<\/b>\u00a0vor Terminbeginn<\/h5><\/li><li><h5 role=\"presentation\">Bei sp\u00e4terer Absage oder Nichterscheinen wird der volle Betrag f\u00e4llig<\/h5><\/li><\/ul><h5><b>Gruppensessions:<\/b><\/h5><ul data-end=\"3190\" data-start=\"3034\"><li><h5 role=\"presentation\">Abmeldungen bis 48<b>\u00a0Stunden<\/b>\u00a0vor Beginn sind kostenfrei<\/h5><\/li><li><h5 role=\"presentation\">Bei sp\u00e4terer Abmeldung oder Nichterscheinen besteht kein Anspruch auf R\u00fcckerstattung<\/h5><\/li><\/ul><h5>Bei Absage durch die Anbieter:in (z. B. Krankheit, h\u00f6here Gewalt, zu geringe Teilnehmerzahl) wird die Teilnahmegeb\u00fchr r\u00fcckerstattet oder ein Ersatztermin angeboten.<\/h5><h5><b>8. Gruppensessions &amp; achtsamer Rahmen<\/b><\/h5><h5>Breathwork kann intensive emotionale Prozesse ausl\u00f6sen. In Gruppensettings wird ein achtsamer, respektvoller und vertraulicher Umgang vorausgesetzt.<\/h5><h5>Die Anbieter:in beh\u00e4lt sich vor, Teilnehmer:innen bei st\u00f6rendem, respektlosem oder grenz\u00fcberschreitendem Verhalten von der Session auszuschliessen. In diesem Fall besteht kein Anspruch auf R\u00fcckerstattung.<\/h5><h5><b>9. Vertraulichkeit<\/b><\/h5><h5>Alle pers\u00f6nlichen Erfahrungen und geteilten Inhalte innerhalb der Breathwork-Sessions werden vertraulich behandelt.<\/h5><h5>Auch die Teilnehmer:innen verpflichten sich, pers\u00f6nliche Inhalte anderer Teilnehmender nicht nach aussen zu tragen.<\/h5><h5><b>10. Datenschutz<\/b><\/h5><h5>Die Verarbeitung personenbezogener Daten erfolgt gem\u00e4ss dem\u00a0<b>Schweizer Datenschutzgesetz (DSG)<\/b>.<\/h5><h5>Personenbezogene Daten werden ausschliesslich zur Organisation und Durchf\u00fchrung der Sessions verwendet und nicht an Dritte weitergegeben.<\/h5><h5><b>11. Urheberrecht<\/b><\/h5><h5>S\u00e4mtliche Inhalte, Anleitungen, \u00dcbungen und Audio-Formate unterliegen dem Urheberrecht und d\u00fcrfen ohne schriftliche Zustimmung der Anbieter:in weder aufgezeichnet, vervielf\u00e4ltigt noch weitergegeben werden.<\/h5><h5><b>12. Anwendbares Recht &amp; Gerichtsstand<\/b><\/h5><h5>Es gilt\u00a0<b>Schweizer Recht<\/b>.<br \/>Gerichtsstand ist \u2013 soweit gesetzlich zul\u00e4ssig \u2013\u00a0<b>Zermatt \/ Wallis<\/b>.<\/h5>\t\t\t\t\t\t\t\t<\/div>\n\t\t\t\t<\/div>\n\t\t\t\t\t<\/div>\n\t\t<\/div>\n\t\t\t\t\t<\/div>\n\t\t<\/section>\n\t\t\t\t<\/div>\n\t\t","protected":false},"excerpt":{"rendered":"<p>AGB&#8217;s Allgemeine Gesch\u00e4ftsbedingungen (AGB)f\u00fcr Breathwork-Sessions (Gruppen &amp; Einzelsession) 1. Geltungsbereich Diese Allgemeinen Gesch\u00e4ftsbedingungen (AGB) gelten f\u00fcr alle Vertr\u00e4ge zwischenStefanie Arquint \/ Yoga Zermatt \/ Rofel GmbH\u00a0(nachfolgend \u201eAnbieter:in\u201c)und den Teilnehmenden an Breathwork-Sessions (nachfolgend \u201eTeilnehmer:in\u201c). 2. Art &amp; Zweck der Breathwork-Sessions Die angebotenen Breathwork-Sessions dienen der F\u00f6rderung von K\u00f6rperwahrnehmung, Selbstregulation, emotionaler Verarbeitung und pers\u00f6nlichem Wohlbefinden. Breathwork ist\u00a0keine [&hellip;]<\/p>\n","protected":false},"author":1,"featured_media":0,"parent":0,"menu_order":0,"comment_status":"closed","ping_status":"closed","template":"","meta":{"footnotes":""},"class_list":["post-34952","page","type-page","status-publish","hentry"],"yoast_head":"<!-- This site is optimized with the Yoast SEO plugin v27.6 - https:\/\/yoast.com\/product\/yoast-seo-wordpress\/ -->\n<title>Yoga Zermatt - das Yoga Studio in Zermatt mit Kursen, Retreats...<\/title>\n<meta name=\"description\" content=\"Yoga Zermatt ist das Yoga Studio in Zermatt. Ob Kurse, Retreats oder Events - bei uns findest du dein Yoga.\" \/>\n<meta name=\"robots\" content=\"index, follow, max-snippet:-1, max-image-preview:large, max-video-preview:-1\" \/>\n<link rel=\"canonical\" href=\"https:\/\/yogazermatt.ch\/en\/agb\/\" \/>\n<meta property=\"og:locale\" content=\"en_US\" \/>\n<meta property=\"og:type\" content=\"article\" \/>\n<meta property=\"og:title\" content=\"Yoga Zermatt - das Yoga Studio in Zermatt mit Kursen, Retreats...\" \/>\n<meta property=\"og:description\" content=\"Yoga Zermatt ist das Yoga Studio in Zermatt. Ob Kurse, Retreats oder Events - bei uns findest du dein Yoga.\" \/>\n<meta property=\"og:url\" content=\"https:\/\/yogazermatt.ch\/en\/agb\/\" \/>\n<meta property=\"og:site_name\" content=\"Yoga Zermatt\" \/>\n<meta property=\"article:modified_time\" content=\"2026-02-01T13:32:36+00:00\" \/>\n<meta property=\"og:image\" content=\"https:\/\/yogazermatt.ch\/wp-content\/uploads\/2022\/04\/cropped-Logo-1.png\" \/>\n<meta name=\"twitter:card\" content=\"summary_large_image\" \/>\n<meta name=\"twitter:label1\" content=\"Est. reading time\" \/>\n\t<meta name=\"twitter:data1\" content=\"2 minutes\" \/>\n<script type=\"application\/ld+json\" class=\"yoast-schema-graph\">{\"@context\":\"https:\\\/\\\/schema.org\",\"@graph\":[{\"@type\":\"WebPage\",\"@id\":\"https:\\\/\\\/yogazermatt.ch\\\/agb\\\/\",\"url\":\"https:\\\/\\\/yogazermatt.ch\\\/agb\\\/\",\"name\":\"Yoga Zermatt - das Yoga Studio in Zermatt mit Kursen, Retreats...\",\"isPartOf\":{\"@id\":\"https:\\\/\\\/yogazermatt.ch\\\/#website\"},\"primaryImageOfPage\":{\"@id\":\"https:\\\/\\\/yogazermatt.ch\\\/agb\\\/#primaryimage\"},\"image\":{\"@id\":\"https:\\\/\\\/yogazermatt.ch\\\/agb\\\/#primaryimage\"},\"thumbnailUrl\":\"https:\\\/\\\/yogazermatt.ch\\\/wp-content\\\/uploads\\\/2022\\\/04\\\/cropped-Logo-1.png\",\"datePublished\":\"2026-02-01T13:23:15+00:00\",\"dateModified\":\"2026-02-01T13:32:36+00:00\",\"description\":\"Yoga Zermatt ist das Yoga Studio in Zermatt. Ob Kurse, Retreats oder Events - bei uns findest du dein Yoga.\",\"breadcrumb\":{\"@id\":\"https:\\\/\\\/yogazermatt.ch\\\/agb\\\/#breadcrumb\"},\"inLanguage\":\"en-US\",\"potentialAction\":[{\"@type\":\"ReadAction\",\"target\":[\"https:\\\/\\\/yogazermatt.ch\\\/agb\\\/\"]}]},{\"@type\":\"ImageObject\",\"inLanguage\":\"en-US\",\"@id\":\"https:\\\/\\\/yogazermatt.ch\\\/agb\\\/#primaryimage\",\"url\":\"https:\\\/\\\/yogazermatt.ch\\\/wp-content\\\/uploads\\\/2022\\\/04\\\/cropped-Logo-1.png\",\"contentUrl\":\"https:\\\/\\\/yogazermatt.ch\\\/wp-content\\\/uploads\\\/2022\\\/04\\\/cropped-Logo-1.png\"},{\"@type\":\"BreadcrumbList\",\"@id\":\"https:\\\/\\\/yogazermatt.ch\\\/agb\\\/#breadcrumb\",\"itemListElement\":[{\"@type\":\"ListItem\",\"position\":1,\"name\":\"Startseite\",\"item\":\"https:\\\/\\\/yogazermatt.ch\\\/\"},{\"@type\":\"ListItem\",\"position\":2,\"name\":\"AGB\"}]},{\"@type\":\"WebSite\",\"@id\":\"https:\\\/\\\/yogazermatt.ch\\\/#website\",\"url\":\"https:\\\/\\\/yogazermatt.ch\\\/\",\"name\":\"Yoga Zermatt\",\"description\":\"Yoga Zermatt\",\"publisher\":{\"@id\":\"https:\\\/\\\/yogazermatt.ch\\\/#organization\"},\"potentialAction\":[{\"@type\":\"SearchAction\",\"target\":{\"@type\":\"EntryPoint\",\"urlTemplate\":\"https:\\\/\\\/yogazermatt.ch\\\/?s={search_term_string}\"},\"query-input\":{\"@type\":\"PropertyValueSpecification\",\"valueRequired\":true,\"valueName\":\"search_term_string\"}}],\"inLanguage\":\"en-US\"},{\"@type\":\"Organization\",\"@id\":\"https:\\\/\\\/yogazermatt.ch\\\/#organization\",\"name\":\"Yoga Zermatt\",\"url\":\"https:\\\/\\\/yogazermatt.ch\\\/\",\"logo\":{\"@type\":\"ImageObject\",\"inLanguage\":\"en-US\",\"@id\":\"https:\\\/\\\/yogazermatt.ch\\\/#\\\/schema\\\/logo\\\/image\\\/\",\"url\":\"https:\\\/\\\/yogazermatt.ch\\\/wp-content\\\/uploads\\\/2022\\\/04\\\/cropped-Logo-Weiss.png\",\"contentUrl\":\"https:\\\/\\\/yogazermatt.ch\\\/wp-content\\\/uploads\\\/2022\\\/04\\\/cropped-Logo-Weiss.png\",\"width\":512,\"height\":512,\"caption\":\"Yoga Zermatt\"},\"image\":{\"@id\":\"https:\\\/\\\/yogazermatt.ch\\\/#\\\/schema\\\/logo\\\/image\\\/\"}}]}<\/script>\n<!-- \/ Yoast SEO plugin. -->","yoast_head_json":{"title":"Yoga Zermatt - das Yoga Studio in Zermatt mit Kursen, Retreats...","description":"Yoga Zermatt ist das Yoga Studio in Zermatt. Ob Kurse, Retreats oder Events - bei uns findest du dein Yoga.","robots":{"index":"index","follow":"follow","max-snippet":"max-snippet:-1","max-image-preview":"max-image-preview:large","max-video-preview":"max-video-preview:-1"},"canonical":"https:\/\/yogazermatt.ch\/en\/agb\/","og_locale":"en_US","og_type":"article","og_title":"Yoga Zermatt - das Yoga Studio in Zermatt mit Kursen, Retreats...","og_description":"Yoga Zermatt ist das Yoga Studio in Zermatt. Ob Kurse, Retreats oder Events - bei uns findest du dein Yoga.","og_url":"https:\/\/yogazermatt.ch\/en\/agb\/","og_site_name":"Yoga Zermatt","article_modified_time":"2026-02-01T13:32:36+00:00","og_image":[{"url":"https:\/\/yogazermatt.ch\/wp-content\/uploads\/2022\/04\/cropped-Logo-1.png","type":"","width":"","height":""}],"twitter_card":"summary_large_image","twitter_misc":{"Est. reading time":"2 minutes"},"schema":{"@context":"https:\/\/schema.org","@graph":[{"@type":"WebPage","@id":"https:\/\/yogazermatt.ch\/agb\/","url":"https:\/\/yogazermatt.ch\/agb\/","name":"Yoga Zermatt - das Yoga Studio in Zermatt mit Kursen, Retreats...","isPartOf":{"@id":"https:\/\/yogazermatt.ch\/#website"},"primaryImageOfPage":{"@id":"https:\/\/yogazermatt.ch\/agb\/#primaryimage"},"image":{"@id":"https:\/\/yogazermatt.ch\/agb\/#primaryimage"},"thumbnailUrl":"https:\/\/yogazermatt.ch\/wp-content\/uploads\/2022\/04\/cropped-Logo-1.png","datePublished":"2026-02-01T13:23:15+00:00","dateModified":"2026-02-01T13:32:36+00:00","description":"Yoga Zermatt ist das Yoga Studio in Zermatt. Ob Kurse, Retreats oder Events - bei uns findest du dein Yoga.","breadcrumb":{"@id":"https:\/\/yogazermatt.ch\/agb\/#breadcrumb"},"inLanguage":"en-US","potentialAction":[{"@type":"ReadAction","target":["https:\/\/yogazermatt.ch\/agb\/"]}]},{"@type":"ImageObject","inLanguage":"en-US","@id":"https:\/\/yogazermatt.ch\/agb\/#primaryimage","url":"https:\/\/yogazermatt.ch\/wp-content\/uploads\/2022\/04\/cropped-Logo-1.png","contentUrl":"https:\/\/yogazermatt.ch\/wp-content\/uploads\/2022\/04\/cropped-Logo-1.png"},{"@type":"BreadcrumbList","@id":"https:\/\/yogazermatt.ch\/agb\/#breadcrumb","itemListElement":[{"@type":"ListItem","position":1,"name":"Startseite","item":"https:\/\/yogazermatt.ch\/"},{"@type":"ListItem","position":2,"name":"AGB"}]},{"@type":"WebSite","@id":"https:\/\/yogazermatt.ch\/#website","url":"https:\/\/yogazermatt.ch\/","name":"Yoga Zermatt","description":"Yoga Zermatt","publisher":{"@id":"https:\/\/yogazermatt.ch\/#organization"},"potentialAction":[{"@type":"SearchAction","target":{"@type":"EntryPoint","urlTemplate":"https:\/\/yogazermatt.ch\/?s={search_term_string}"},"query-input":{"@type":"PropertyValueSpecification","valueRequired":true,"valueName":"search_term_string"}}],"inLanguage":"en-US"},{"@type":"Organization","@id":"https:\/\/yogazermatt.ch\/#organization","name":"Yoga Zermatt","url":"https:\/\/yogazermatt.ch\/","logo":{"@type":"ImageObject","inLanguage":"en-US","@id":"https:\/\/yogazermatt.ch\/#\/schema\/logo\/image\/","url":"https:\/\/yogazermatt.ch\/wp-content\/uploads\/2022\/04\/cropped-Logo-Weiss.png","contentUrl":"https:\/\/yogazermatt.ch\/wp-content\/uploads\/2022\/04\/cropped-Logo-Weiss.png","width":512,"height":512,"caption":"Yoga Zermatt"},"image":{"@id":"https:\/\/yogazermatt.ch\/#\/schema\/logo\/image\/"}}]}},"_links":{"self":[{"href":"https:\/\/yogazermatt.ch\/en\/wp-json\/wp\/v2\/pages\/34952","targetHints":{"allow":["GET"]}}],"collection":[{"href":"https:\/\/yogazermatt.ch\/en\/wp-json\/wp\/v2\/pages"}],"about":[{"href":"https:\/\/yogazermatt.ch\/en\/wp-json\/wp\/v2\/types\/page"}],"author":[{"embeddable":true,"href":"https:\/\/yogazermatt.ch\/en\/wp-json\/wp\/v2\/users\/1"}],"replies":[{"embeddable":true,"href":"https:\/\/yogazermatt.ch\/en\/wp-json\/wp\/v2\/comments?post=34952"}],"version-history":[{"count":10,"href":"https:\/\/yogazermatt.ch\/en\/wp-json\/wp\/v2\/pages\/34952\/revisions"}],"predecessor-version":[{"id":34962,"href":"https:\/\/yogazermatt.ch\/en\/wp-json\/wp\/v2\/pages\/34952\/revisions\/34962"}],"wp:attachment":[{"href":"https:\/\/yogazermatt.ch\/en\/wp-json\/wp\/v2\/media?parent=34952"}],"curies":[{"name":"wp","href":"https:\/\/api.w.org\/{rel}","templated":true}]}}